{"id":40,"date":"2025-10-10T19:25:49","date_gmt":"2025-10-10T17:25:49","guid":{"rendered":"https:\/\/www.grosskuechen-zeiger.de\/?page_id=40"},"modified":"2025-10-10T21:12:01","modified_gmt":"2025-10-10T19:12:01","slug":"tipps-tricks","status":"publish","type":"page","link":"https:\/\/www.grosskuechen-zeiger.de\/en\/tipps-tricks\/","title":{"rendered":"Tips &amp; tricks"},"content":{"rendered":"<div class=\"wp-block-group alignfull has-global-padding is-layout-constrained wp-container-core-group-is-layout-669513ed wp-block-group-is-layout-constrained\" style=\"margin-top:0;margin-bottom:0;padding-top:var(--wp--preset--spacing--50);padding-right:var(--wp--preset--spacing--50);padding-bottom:var(--wp--preset--spacing--50);padding-left:var(--wp--preset--spacing--50)\">\n<h1 class=\"wp-block-heading has-base-2-color has-text-color has-link-color wp-elements-63d479b9d6060297eeae37d2145c7eab\">Tips &amp; tricks<\/h1>\n\n\n\n<p class=\"has-base-2-color has-text-color has-link-color wp-elements-0e829406a6ba313dc7f305c34810292c\">We have been setting up commercial kitchens since 1983. That's why we know a few tricks.<\/p>\n<\/div>\n\n\n\n<div class=\"wp-block-group alignfull has-base-2-background-color has-background has-global-padding is-layout-constrained wp-container-core-group-is-layout-669513ed wp-block-group-is-layout-constrained\" style=\"margin-top:0;margin-bottom:0;padding-top:var(--wp--preset--spacing--50);padding-right:var(--wp--preset--spacing--50);padding-bottom:var(--wp--preset--spacing--50);padding-left:var(--wp--preset--spacing--50)\">\n<h1 class=\"wp-block-heading\">The \u201cgood\u201d washing result<\/h1>\n\n\n\n<p>Every cleaning process, whether carried out mechanically or manually, consists of four or five key influencing factors: mechanics, chemistry (process chemicals), temperature, and time. The fifth factor is water, which acts as a carrier, transferring the other four factors to the items being washed or the surface being cleaned, while also removing dissolved dirt particles.<br>The factors of influence on the cleaning process are often depicted in the sinner's circle. The circle shows that the individual factors affect each other.<\/p>\n\n\n\n<p>Below, we would like to show you how the five influencing factors affect commercial dishwashing:<\/p>\n\n\n\n<h3 class=\"wp-block-heading\">Mechanics<\/h3>\n\n\n\n<p>Consistent pressure and constant circulation in the dishwasher via the integrated rinsing systems ensure that the items being washed are evenly and immediately exposed to the cleaning solution, thereby removing any dirt.<\/p>\n\n\n\n<h3 class=\"wp-block-heading\">Chemistry (process engineering)<\/h3>\n\n\n\n<p>Depending on the requirements of the appropriate cleaner and rinse-aid must be added during the entire period of operation is constant.<\/p>\n\n\n\n<h3 class=\"wp-block-heading\">Temperature<\/h3>\n\n\n\n<p>Heating units are used to achieve the temperatures required for optimal removal of dirt and hygienic cleaning. The temperatures in the cleaning solution should be 55 \u00b0C \u2013 65 \u00b0C and in the rinse aid solution 80 \u00b0C \u2013 85 \u00b0C. For glass washing machines, the temperatures of the cleaning solution should be 55 \u00b0C \u2013 60 \u00b0C and those of the rinse aid solution 65 \u00b0C \u00b1 2 \u00b0C.<\/p>\n\n\n\n<h3 class=\"wp-block-heading\">Contact time<\/h3>\n\n\n\n<p>The contact time the contact time of the cleaning solution wets the items to be Washed. This should be sufficiently long-elected to the removal of the soiling on the dishes parts.<br>The contact time is the time during which the cleaning solution wets the items being washed. This should be long enough to ensure that the dirt on the items being washed is removed.\nAs a guideline, for single-tank dishwashers, i.e., dishwashers with a detergent circulation zone and a fresh water rinse, program times with a minimum contact time of 90 seconds should be selected in order to achieve a good hygienic washing result. Single-tank dishwashers typically include under-counter dishwashers, hood type dishwashers, and rack type dishwashers. For multi-tank dishwashers, i.e., dishwashers with at least one pump pre-cleaning, a detergent circulation zone, and a fresh water rinse, contact times of at least 2 minutes should be selected to achieve a good hygienic washing result. Typical multi-tank dishwashers include conveyor dishwashers and rack conveyor dishwashers.<\/p>\n\n\n\n<h3 class=\"wp-block-heading\">Water<\/h3>\n\n\n\n<p>Water is the carrier that transfers the other four factors to the items being washed and also removes dissolved dirt particles. The quality of the water has a significant impact on the overall washing result. Therefore, special attention must be paid to the water.<\/p>\n\n\n\n<h3 class=\"wp-block-heading\">The optimal washing result<\/h3>\n\n\n\n<ul class=\"wp-block-list\">\n<li>Dishes should be washed immediately after use if possible. The sooner they are washed after use, the better the washing results (avoid long drying times).<\/li>\n\n\n\n<li>Good preliminary clearing is absolutely essential.<\/li>\n\n\n\n<li>Pre-sort the items to be washed before placing them in the machine.<\/li>\n\n\n\n<li>If possible, pre-soak cutlery.<\/li>\n\n\n\n<li>Cleaned items must only be stored in a dry place.<\/li>\n\n\n\n<li>Manual drying should only be carried out in exceptional cases and only with disposable towels.<\/li>\n<\/ul>\n<\/div>\n\n\n\n<div class=\"wp-block-group alignfull has-global-padding is-layout-constrained wp-container-core-group-is-layout-669513ed wp-block-group-is-layout-constrained\" style=\"margin-top:0;margin-bottom:0;padding-top:var(--wp--preset--spacing--50);padding-right:var(--wp--preset--spacing--50);padding-bottom:var(--wp--preset--spacing--50);padding-left:var(--wp--preset--spacing--50)\">\n<h1 class=\"wp-block-heading has-base-2-color has-text-color has-link-color wp-elements-540bc563ce9949c1d1ea9a99cd45b76c\">Cleaner &amp; Rinse Aid<\/h1>\n\n\n\n<h3 class=\"wp-block-heading has-base-2-color has-text-color has-link-color wp-elements-30e1992a53f2d27092397f09af229046\">Purpose of the cleaner<\/h3>\n\n\n\n<p class=\"has-base-2-color has-text-color has-link-color wp-elements-07de853c9eefbf5f5d694f4508725e0b\">The cleaning ingredients enable food residues to be removed from the dishes. The loosened dirt particles are finely distributed and kept suspended in the cleaning solution. This prevents the loosened dirt particles from settling back onto the surface of the dishes. Other ingredients prevent, for example, water hardness from precipitating and help to remove dyes or coffee and tea residues.<\/p>\n\n\n\n<p class=\"has-base-2-color has-text-color has-link-color wp-elements-1e2ce924ee243b1798eb8ac4c82ec139\"><strong>Alkaline Components&nbsp;<\/strong>for the swelling and decomposition of food residues, such as starch, protein, and fats and have a corrosion-resistant.<br><strong>Enzymes<\/strong>&nbsp;are other components which are used in the Removal of food residues.<br><strong>Polyphosphates<\/strong>&nbsp;or substitutes (complexing agent) to prevent, to a certain extent, the hardness, the failure of water (lime).<br><strong>Oxidative Cleaner Ingredients<\/strong>&nbsp;such as active chlorine or active oxygen assists in the removal of discoloration caused by for example coffee, tea, or other dyes.<br>Special&nbsp;<strong>Disinfection agents<\/strong>&nbsp;in the cleaner, an additional reduction of germs cause.<\/p>\n\n\n\n<h3 class=\"wp-block-heading has-base-2-color has-text-color has-link-color wp-elements-08a68e4a95a65f13f004c456c9d084cc\">The right cleaners in the right quantity to use<\/h3>\n\n\n\n<p class=\"has-base-2-color has-text-color has-link-color wp-elements-73ca3318e6438b122fb537ee1226aa5b\">Depending on the type of soiling and the Ware, the appropriate cleaner from the GASTRO STAR-product range ensures a clean and shiny result. Each of the GASTRO STAR were cleaner specifically developed for different purposes. The individual cleaner components can be used to maximum effect (Use our Produtkfinder). In addition, the GASTRO STAR products of consistently high concentrating formulations that work very efficiently and very economical can be used. This includes insufficient cleaning or excessive consumption of product, and protects your purse.<br>Note, however, that only a practical dosage of detergent corrosion processes counteracts. A cleaner under dosage promotes corrosion and the formation of deposits, e.g., starch, protein, Lime deposits.<\/p>\n\n\n\n<h3 class=\"wp-block-heading has-base-2-color has-text-color has-link-color wp-elements-89a7bdd3ab34b75b51b011e99383f17c\">The task of the rinse aid<\/h3>\n\n\n\n<p class=\"has-base-2-color has-text-color has-link-color wp-elements-478c673308c4aa4cca6e0fc2fe0fb995\">The task of the rinse aid is to relax the water and the interfacial tension decrease. Thus, an optimum wetting of the ware parts in the fresh water rinse and the water can run off in the Film. Through the use of clear rinse the drying time of the ware is shortened parts. All process parameters are tuned in the dishwasher optimally to each other, is shown at the end of a stain-free, dry and shiny result of the ware surfaces.<\/p>\n\n\n\n<h3 class=\"wp-block-heading has-base-2-color has-text-color has-link-color wp-elements-27860a2ec9aebdec91545cec804dcb43\">The right of rinse aid in the correct quantity to use<\/h3>\n\n\n\n<p class=\"has-base-2-color has-text-color has-link-color wp-elements-0ac27fd9af885e30572ed0bdf8aea21f\">Rinse aid is not the same as a rinse aid. Here, too, should be adapted to the local conditions, the appropriate selection to be taken to avoid Overdose, drying and cleaning deficiencies or material wear. Depending on the requirement profile can then be a universal rinse aid (GASTRO STAR K 1), a rinse aid, in particular for the plastic dishes (GASTRO STAR K 2), is a special glasses rinse aid (GASTRO STAR K 3) or a rinse aid with foam vapors used properties (GASTRO STAR K 4). All rinse aid ensures that the surfactants used are of high quality. Your advantage: the shiny dishes paired with high efficiency .<\/p>\n<\/div>\n\n\n\n<div class=\"wp-block-group alignfull has-base-2-background-color has-background has-global-padding is-layout-constrained wp-container-core-group-is-layout-669513ed wp-block-group-is-layout-constrained\" style=\"margin-top:0;margin-bottom:0;padding-top:var(--wp--preset--spacing--50);padding-right:var(--wp--preset--spacing--50);padding-bottom:var(--wp--preset--spacing--50);padding-left:var(--wp--preset--spacing--50)\">\n<h1 class=\"wp-block-heading\">Proper Dosage<\/h1>\n\n\n\n<h5 class=\"wp-block-heading\">Why is an accurate and uniform dosage of the treatment important?<\/h5>\n\n\n\n<p>Only a consistent and sufficient concentration of process chemicals (detergent and rinse aid) over the whole rinsing process is a guarantee-free, economical, hygienic and environmentally-friendly wash results. For commercial dishwashers appliances for the dosing of detergent and rinse aid are automatic Dosing available.<\/p>\n\n\n\n<h5 class=\"wp-block-heading\">How will you determine the correct concentration?<\/h5>\n\n\n\n<p>After a thorough examination of the existing technical conditions, water quality, the average contamination and drying of the degree and type of Ware to be set by the service technician on site to the required concentrations for detergent and rinse aid.<\/p>\n\n\n\n<h5 class=\"wp-block-heading\">What is note in the case of the metering facilities to:<\/h5>\n\n\n\n<ul class=\"wp-block-list\">\n<li>You need to accurately and reliably dispensing, as well as with the applicable safety regulations.<\/li>\n\n\n\n<li>Malfunctions should be optically and\/or acoustically clearly perceptible.<\/li>\n\n\n\n<li>The Refilling of the dosing tank or exchange the product packaging needs to be simple and user-friendly.<\/li>\n\n\n\n<li>The training of the personnel in the operation of these systems is essential.<\/li>\n<\/ul>\n\n\n\n<h5 class=\"wp-block-heading\">What must be considered in the case of a product change?<\/h5>\n\n\n\n<p>In the case of an exchange to a different product dosing systems and storage containers shall be rinsed with fresh water. The information in the material safety data sheets are observed.<\/p>\n<\/div>\n\n\n\n<div class=\"wp-block-group alignfull has-global-padding is-layout-constrained wp-container-core-group-is-layout-669513ed wp-block-group-is-layout-constrained\" style=\"margin-top:0;margin-bottom:0;padding-top:var(--wp--preset--spacing--50);padding-right:var(--wp--preset--spacing--50);padding-bottom:var(--wp--preset--spacing--50);padding-left:var(--wp--preset--spacing--50)\">\n<h1 class=\"wp-block-heading has-base-2-color has-text-color has-link-color wp-elements-2c82baee3b7520fe7c739427e32443a0\">Special Application Lenses, Rinse<\/h1>\n\n\n\n<p class=\"has-base-2-color has-text-color has-link-color wp-elements-abe95613b46b07a28e8ce0c5c671485d\">Although glass is clean due to its smooth surface, easy to clean, but on the other hand, a greater sensitivity to temperature changes and mechanical injuries. Since it is thus, in the case of glass to be very sensitive Ware, observe the following recommendations:<\/p>\n\n\n\n<h3 class=\"wp-block-heading has-base-2-color has-text-color has-link-color wp-elements-59b852a78a5a02ce0227f814e4fa5789\">Items to be washed clean as immediately after use<\/h3>\n\n\n\n<p class=\"has-base-2-color has-text-color has-link-color wp-elements-b42b4475a15c1cbad779d6f7714f5a01\">The faster the cleaning after using the rinsing is done, the better. Dried-on food or beverage residue complicate the cleaning success.<\/p>\n\n\n\n<h3 class=\"wp-block-heading has-base-2-color has-text-color has-link-color wp-elements-dec3f1c840df3d4ce7183e2cb0b7f364\">Glass damage prevention<\/h3>\n\n\n\n<p class=\"has-base-2-color has-text-color has-link-color wp-elements-c92311fd3781b0f2d3b0dc1fa6b0b43a\">Improper Filing of the glasses in the dishes and glasses baskets is the main cause glass damage. Touches of the glasses to each other can lead to increased mechanical damage of decorative and glass surface. Also, make sure that in the environment of the dishwasher-enough space for the storage of used and cleaned glasses is available. Furthermore, the interlocking set of drinking glasses is to be avoided in the Cabinet, because this may lead to glass breakage, especially at the top.<\/p>\n\n\n\n<h5 class=\"wp-block-heading has-base-2-color has-text-color has-link-color wp-elements-48daf2472737494ac112ad83e5dbee1b\">Glasses dishwasher and glasses cleaner<\/h5>\n\n\n\n<p class=\"has-base-2-color has-text-color has-link-color wp-elements-97f1c24b4ad154d8b21144d83f82f95a\">Higher temperatures, longer Rinsing times and more intense detergent in a dishwasher, the service life of the glass is greatly reduced. Special glasses cleaner (e.g. GASTRO STAR Fri, 30 and it matched the rinse aid GASTRO STAR K 3) and Glasswashers treat the glass gently, and extend the service life.<\/p>\n\n\n\n<h3 class=\"wp-block-heading has-base-2-color has-text-color has-link-color wp-elements-1d25511cb2c63e07588c89c02bb47eda\">Flushing time<\/h3>\n\n\n\n<p class=\"has-base-2-color has-text-color has-link-color wp-elements-82f4b95ff0533822ced20a2acd4a44f9\">The rinsing process should be no longer than 150 s. The dishwasher is open after the rinsing process, so that the steam can escape. On the glasses, precipitation, condensation provides otherwise, an additional burden on the glass surface and degrades the self-drying behavior of the glasses.<\/p>\n\n\n\n<h3 class=\"wp-block-heading has-base-2-color has-text-color has-link-color wp-elements-30de116546033ae43bb713729e5fa618\">No manual drying or manual \"Polish\"<\/h3>\n\n\n\n<p class=\"has-base-2-color has-text-color has-link-color wp-elements-4726b1e6a2ac71a46e02515a4b3c7fbc\">The manual dry Cleaning is jeopardized, because even in fresh dry towels germs and bacteria are present. Purified Ware is always dry-stored.<\/p>\n\n\n\n<h3 class=\"wp-block-heading has-base-2-color has-text-color has-link-color wp-elements-3aca6d046a6a8045e526b234652a1055\">Glass of turbidity as a result of limestone deposits<\/h3>\n\n\n\n<p class=\"has-base-2-color has-text-color has-link-color wp-elements-d91b14c23479943405e85f2bfb22e3f7\">Limescale deposits are always created when the water contained lime formers remain after drying on the surface of the glass. A correctly adjusted (rinse aid) dosage leads to lower water hardness to a stain-free drying. The total salt content of the water is very high, it is recommended rinsing with partially or fully desalinated water.<br>Lime opacities can be avoided with a combination of hard water suitable cleaner (e.g. GASTRO STAR FR 45) and an acid rinse (e.g., GASTRO STAR K2).<\/p>\n\n\n\n<h3 class=\"wp-block-heading has-base-2-color has-text-color has-link-color wp-elements-44166ebebcd57f70e6a994e91a5b34b8\">Glass turbidity due to glass corrosion<\/h3>\n\n\n\n<p class=\"has-base-2-color has-text-color has-link-color wp-elements-d556079f4dd2f011d28614b70e2d91d5\">Glass corrosion is an irreparable damage to the glass surface, which can occur after frequent washing in a dishwasher. Although certain types of glass, such as the simple soda-lime glass more prone to glass corrosion, the effect of corrosion can occur regardless of the quality of the glass. Through the use of special glasses cleaner Glass opacities and decor to prevent damage, however, or at least delayed.<br>Important: an under-dosage of detergent \/ rinse aid has, in General, less favorable to the resistance of lenses and finishes as a result of the Overdose. Overdose does not improve the result. Be sure to have the correct dosage.<\/p>\n<\/div>\n\n\n\n<div class=\"wp-block-group alignfull has-base-2-background-color has-background has-global-padding is-layout-constrained wp-container-core-group-is-layout-669513ed wp-block-group-is-layout-constrained\" style=\"margin-top:0;margin-bottom:0;padding-top:var(--wp--preset--spacing--50);padding-right:var(--wp--preset--spacing--50);padding-bottom:var(--wp--preset--spacing--50);padding-left:var(--wp--preset--spacing--50)\">\n<h1 class=\"wp-block-heading\">Water quality<\/h1>\n\n\n\n<h3 class=\"wp-block-heading\">What is the meaning of rinse water to the dishwasher?<\/h3>\n\n\n\n<p>Water is essential for a majority of the cleaning processes. It is rinse the basis for the dishwasher. Water is the carrier for the detergent and rinse aid, allows for the mechanical cleaning of the ware parts in the dishwasher, and together with the properties of the cleaner to be kept dirt particles suspended in the cleaning solution. So that again is the detached soil particles are deposited on the ware surface is avoided. The water transfers the heat to the Dishes, making a proper Rinsing and drying result.<br>Without the proper water quality is not optimal cleaning result can be achieved. Therefore, it is particularly important that the water quality to meet the requirements of commercial dish-washing to adapt.<\/p>\n\n\n\n<h3 class=\"wp-block-heading\">What ingredients there are in the water?<\/h3>\n\n\n\n<p>In the water, both solid and dissolved substances can be included. Solid substances are such as Sand, rust or dirt particles from the piping system, which can lead to damage to the dishwasher or the failure of, for example, solenoid valves. Here is the installation of a suitable filter system helps. Solutes, gases, minerals, salts, or organic ingredients. Dissolved gas components of air: nitrogen, oxygen and carbon dioxide are in the first place. They do not affect the wash results.<\/p>\n\n\n\n<h3 class=\"wp-block-heading\">The dissolved salts in water affect the wash results?<\/h3>\n\n\n\n<p>Minerals and salts affect the water quality significantly. A high mineral and salt content in the water, this can be on the Ware to stains and cause deposits or corrosion.<br>In General, the different qualities of water are divided hardness according to their total. The total hardness of the water is from the carbonate hardness (temporary hardness), and the non-carbonate hardness (permanent hardness is called).<br>The carbonate hardness is made of Calcium and magnesium ions, which are associated with the hydrogen carbonate. This can be in the warming of the water as the lime and the so-called boiler stone form. The non-carbonate hardness is made of Calcium and magnesium ions, which are not associated with the hydrogen carbonate. This magnesium chloride is an example. These minerals remain in the heating process in the solution and not fall.<\/p>\n\n\n\n<p>The total water hardness is classified in accordance with the European detergents and cleaning agents act on the March 2007 in the following hardness ranges:<\/p>\n\n\n\n<p><strong>Hardness soft<\/strong>&nbsp;\u2013 less than 1.5 mmol of calcium carbonate per Liter or less of 8.4 \u00b0d<br><strong>A hardness range of medium<\/strong>&nbsp;\u2013 To 1.5 \u2013 2.5 mmol of calcium carbonate per litre of 8.4 \u00b0d \u2013 14 \u00b0d<br><strong>Hardness hard<\/strong>&nbsp;\u2013 more than 2.5 mmol of calcium carbonate per litre or greater than 14 \u00b0d<\/p>\n\n\n\n<h3 class=\"wp-block-heading\">What can be done against the hardness of the water?<\/h3>\n\n\n\n<p>Cleaner ingredients, prevent the precipitation of Hardness salts (e.g., GASTRO STAR FR 45) included. From a total hardness of 0.54 mmol\/l (equivalent to 3 \u00b0d) should be made for economic reasons, a separate water treatment. But also water with a total hardness of less than 0.54 mmol\/l, or less than 3 \u00b0d not fully guarantee a good wash results. Only when the total salt content of the water is low, a spot-free cleaning result can be achieved.<br>Depending on the water quality, there are various methods for water treatment. Between softening, a distinction is made, part - or full-desalination.<\/p>\n\n\n\n<h3 class=\"wp-block-heading\">Water softening<\/h3>\n\n\n\n<p>The softening of ions contained in the water Hardness (Calcium exchanger and magnesium ions) sodium ions are exchanged. As a result, all minerals, all of which can be as limestone are removed from the water. Thus, the ion retains exchanger is its ability to function, it must be refreshed from time to time, with sodium chloride (water softener salt). It should be noted that in the case of a pure water softening is still visible minerals residues may remain on the Dishes. In General, these are soluble in water.<\/p>\n\n\n\n<h3 class=\"wp-block-heading\">Water desalination<\/h3>\n\n\n\n<p>As a water softener can reduce the total salt content in the water itself, it is at too high a salinity to achieve an optimal spin result is unavoidable, a Full or partial desalination of water, as, for example, via a two-stage ion exchange system, or via a so-called mixed bed exchangers. Here are all the cations and anions are removed from the water. Another suitable method for water desalination reverse osmosis (reverse osmosis), in the case of the water through a membrane is recycled is.<\/p>\n\n\n\n<p><strong>More Information<\/strong>&nbsp;about the quality of the water and the appropriate settings for a spot-free Rinsing, you can find in the Internet to Download free of charge to the working group of Commercial dishwashing practice manual Chapter 05 water quality:&nbsp;<a href=\"http:\/\/www.akggs.de\/\" target=\"_blank\" rel=\"noreferrer noopener\">www.akggs.de<\/a><br>There you will also find further information about the commercial dishwasher rinse with valuable tips and further information on the topics of:<\/p>\n\n\n\n<ul class=\"wp-block-list\">\n<li>Organization and planning of the ware and equipment<\/li>\n\n\n\n<li>Commercial Dishwashers<\/li>\n\n\n\n<li>Dosing technology<\/li>\n\n\n\n<li>Water quality<\/li>\n\n\n\n<li>Process chemicals<\/li>\n\n\n\n<li>Porcelain<\/li>\n\n\n\n<li>Ware made of metal<\/li>\n\n\n\n<li>Ware from glass<\/li>\n\n\n\n<li>The ware of plastic<\/li>\n\n\n\n<li>Hygiene<\/li>\n\n\n\n<li>Environment and sustainability<\/li>\n<\/ul>\n<\/div>","protected":false},"excerpt":{"rendered":"<p>Tipps &amp; Tricks Seit 1983 richten wir Gro\u00dfk\u00fcchen ein. Deshalb kennen wir einige Tricks. Das \u201egute\u201c Sp\u00fclergebnis Jeder Reinigungsprozess, egal ob dieser maschinell oder manuell durchgef\u00fchrt wird, besteht aus vier bzw. f\u00fcnf wesentlichen Einflussfaktoren: Mechanik, Chemie (Prozesschemikalien), Temperatur und Zeit. Der f\u00fcnfte Faktor ist das Wasser, der als Tr\u00e4gerstoff einerseits die anderen vier Faktoren auf [&hellip;]<\/p>\n","protected":false},"author":1,"featured_media":0,"parent":0,"menu_order":0,"comment_status":"closed","ping_status":"closed","template":"","meta":{"footnotes":""},"class_list":["post-40","page","type-page","status-publish","hentry"],"_links":{"self":[{"href":"https:\/\/www.grosskuechen-zeiger.de\/en\/wp-json\/wp\/v2\/pages\/40","targetHints":{"allow":["GET"]}}],"collection":[{"href":"https:\/\/www.grosskuechen-zeiger.de\/en\/wp-json\/wp\/v2\/pages"}],"about":[{"href":"https:\/\/www.grosskuechen-zeiger.de\/en\/wp-json\/wp\/v2\/types\/page"}],"author":[{"embeddable":true,"href":"https:\/\/www.grosskuechen-zeiger.de\/en\/wp-json\/wp\/v2\/users\/1"}],"replies":[{"embeddable":true,"href":"https:\/\/www.grosskuechen-zeiger.de\/en\/wp-json\/wp\/v2\/comments?post=40"}],"version-history":[{"count":9,"href":"https:\/\/www.grosskuechen-zeiger.de\/en\/wp-json\/wp\/v2\/pages\/40\/revisions"}],"predecessor-version":[{"id":139,"href":"https:\/\/www.grosskuechen-zeiger.de\/en\/wp-json\/wp\/v2\/pages\/40\/revisions\/139"}],"wp:attachment":[{"href":"https:\/\/www.grosskuechen-zeiger.de\/en\/wp-json\/wp\/v2\/media?parent=40"}],"curies":[{"name":"wp","href":"https:\/\/api.w.org\/{rel}","templated":true}]}}