{"id":42,"date":"2025-10-10T19:26:03","date_gmt":"2025-10-10T17:26:03","guid":{"rendered":"https:\/\/www.grosskuechen-zeiger.de\/?page_id=42"},"modified":"2025-10-10T19:41:36","modified_gmt":"2025-10-10T17:41:36","slug":"agb","status":"publish","type":"page","link":"https:\/\/www.grosskuechen-zeiger.de\/en\/agb\/","title":{"rendered":"Terms and conditions"},"content":{"rendered":"<div class=\"wp-block-group alignfull has-base-2-background-color has-background has-global-padding is-layout-constrained wp-container-core-group-is-layout-d89aad35 wp-block-group-is-layout-constrained\" style=\"margin-top:0;margin-bottom:0;padding-top:var(--wp--preset--spacing--50);padding-right:var(--wp--preset--spacing--50);padding-bottom:var(--wp--preset--spacing--50);padding-left:var(--wp--preset--spacing--50)\">\n<h1 class=\"wp-block-heading\">Verkaufs-, Lieferungs- und Zahlungsbedingungen<\/h1>\n\n\n\n<h4 class=\"wp-block-heading\">I. Allgemeines<\/h4>\n\n\n\n<p>1. F\u00fcr s\u00e4mtliche Gesch\u00e4ftsvereinbarungen gelten ausschlie\u00dflich die folgenden Gesch\u00e4ftsbedingungen. Sie gehen in jedem Fall anders lautenden Bedingungen des Vertragspartners vor, auch wenn ihnen nicht ausdr\u00fccklich widersprochen wird.<\/p>\n\n\n\n<p>2. Erteilte Auftr\u00e4ge sind f\u00fcr den Besteller verbindlich, f\u00fcr uns erst nach schriftlicher Best\u00e4tigung. Bei sofortiger Ausf\u00fchrung des Auftrages kann die Auftragsbest\u00e4tigung durch die Rechnung ersetzt werden.<\/p>\n\n\n\n<p>3. Angebote verstehen sich stets freibleibend und unverbindlich f\u00fcr Preise und Lieferung.<\/p>\n\n\n\n<p>4. Preise k\u00f6nnen wir \u00e4ndern, soweit erforderlich und soweit sie nicht ausdr\u00fccklich als Festpreise best\u00e4tigt wurden. Ma\u00dfgebend ist der Tag der Lieferung.<\/p>\n\n\n\n<p>5. Bestellungen gelten mit Unterschrift des Kunden auf dem Auftragsformular als fest verbindliche Auftr\u00e4ge, sofern die Bestellung nicht fernm\u00fcndlich, per Telefax, per Email oder in einer anderen schriftlichen Form oder m\u00fcndlich erteilt wurde.<\/p>\n\n\n\n<p>6. Im Falle der Stornierung eines bestehenden Auftrages durch den Kunden sind wir berechtigt mindestens 10 % des Nettowarenwertes in Rechnung zu stellen.<\/p>\n\n\n\n<p>7. Warenr\u00fccknahmen sind nur mit unserer ausdr\u00fccklichen Zustimmung m\u00f6glich. Wir sind im Falle der R\u00fccknahme der Ware berechtigt dem Kunden die entstandenen anteiligen R\u00fccknahmekosten in voller H\u00f6he zu belasten.<\/p>\n\n\n\n<p>8. Alle Lieferungen werden zu den am Tage der Lieferung g\u00fcltigen Preisen berechnet. Unsere Preise verstehen sich in Euro, ohne Verpackungs- und Versandkosten. Zu den Preisen kommt die Mehrwertsteuer in der jeweiligen gesetzlichen H\u00f6he hinzu. Bei Vertr\u00e4gen mit Nichtkaufleuten sind wir vier Monate an die mit dem Kunden schriftlich vereinbarten Preise vom Zeitpunkt des Vertragsabschlusses an gebunden. Nach Ablauf von vier Monaten seit Vertragsabschluss gilt die Preisbindung nicht mehr.<\/p>\n\n\n\n<p>9. Das Verlegen von Rohrleitungen und elektrischen Kabeln und die damit verbundenen Nebenarbeiten geh\u00f6ren nicht zu den von dem Auftragnehmer zu erbringenden Leistungen. Die Endanschl\u00fcsse der Rohrleitungen und Kabel sind nach den Montagepl\u00e4nen des Auftragnehmers von konzessionierten Installateuren auszuf\u00fchren.<\/p>\n\n\n\n<p>10. Kauf-, Lieferungs- und Zahlungsbedingungen des Auftraggebers werden von dem Auftragnehmer nicht anerkannt, auch dann nicht, wenn er Ihnen bei Eingang nicht nochmals widerspricht. Sie erlangen nur Wirksamkeit, wenn sie von dem Auftragnehmer schriftlich best\u00e4tigt werden.<\/p>\n\n\n\n<h4 class=\"wp-block-heading\">II. Angebote<\/h4>\n\n\n\n<p>1. Angebote sind freibleibend und verpflichten den Auftragnehmer nicht zur Auftragsannahme. Erteilte Auftr\u00e4ge, Abschl\u00fcsse und Vereinbarungen, auch wenn sie durch Reisende und Vertreter abgeschlossen sind, werden durch den Auftragnehmer erst durch dessen schriftliche Best\u00e4tigung verbindlich.<\/p>\n\n\n\n<p>2. Bei Kostenvoranschl\u00e4gen und bei den zu den Angeboten sowie Vertragsabschl\u00fcssen geh\u00f6renden Unterlagen ( Beschreibungen, Zeichnungen, Ablichtungen und dergleichen) beh\u00e4lt sich der Auftragnehmer Eigentums- und Urheberrechte vor. Sie d\u00fcrfen Dritten nicht zug\u00e4nglich gemacht werden und sind auf Verlangen zur\u00fcckzugeben. Bei Versto\u00df gegen dies Verpflichtung haftet der Auftraggeber f\u00fcr jeden dem Auftragnehmer dadurch entstehenden Schaden.<\/p>\n\n\n\n<p>3. Die Unterlagen sind nur ann\u00e4hernd ma\u00dfgebend, soweit sie nicht ausdr\u00fccklich als verbindlich bezeichnet worden sind.<\/p>\n\n\n\n<p>4. Erteilte Auftr\u00e4ge sind unwiderruflich.<\/p>\n\n\n\n<h4 class=\"wp-block-heading\">III. Lieferfristen<\/h4>\n\n\n\n<p>1. Lieferfristen werden in den Auftragsbest\u00e4tigungen angegeben. Sie werden nach M\u00f6glichkeit eingehalten, sind jedoch unverbindlich. Die Lieferfrist beginnt mit dem Tage unserer Bestellungsannahme, jedoch nicht vor Klarstellung aller Ausf\u00fchrungseinzelheiten. Die Einhaltung der Frist setzt voraus, den rechtzeitigen Eingang s\u00e4mtlicher vom Besteller zu liefernden Unterlagen, erforderlichen Genehmigungen, Freigaben, die rechtzeitige Klarstellung und Genehmigung der Pl\u00e4ne, die Einhaltung der vereinbarten Zahlungsbedingungen und sonstiger Verpflichtungen. Versp\u00e4tete Lieferungen m\u00fcssen angenommen werden. Falls wir selbst in Verzug geraten, muss uns der Besteller eine angemessene Nachfrist setzen. Nach Ablauf der Nachfrist darf er vom Vertrag insoweit zur\u00fccktreten , als die Ware nicht versandbereit gemeldet wird. Durch h\u00f6here Gewalt verursachte Betriebsst\u00f6rungen(Unruhen, Streiks, Bahnsperrungen, Beschlagnahmungen usw.) bei uns und unseren Lieferwerken k\u00f6nnen uns nach unserer Wahl von Lieferverpflichtungen und Terminen f\u00fcr einen Teil oder den gesamten Auftrag, mindestens f\u00fcr die Zeit der St\u00f6rung entbinden. Der Besteller bleibt nach Behebung derartiger Hindernisse zur Abnahme verpflichtet. Eine Verpflichtung zum Schadensersatz wegen Nichterf\u00fcllung oder versp\u00e4teter Erf\u00fcllung wird ausgeschlossen. Der Besteller darf Teilleistungen nicht zur\u00fcckweisen.<\/p>\n\n\n\n<p>2. Der K\u00e4ufer ist zum R\u00fccktritt vom Vertrag wegen Nichteinhaltens der vorgesehenen Lieferfrist erst dann berechtigt, wenn er uns nach Ablauf der vereinbarten Lieferfrist schriftlich eine ordnungsgem\u00e4\u00dfe Nachfrist von mindestens vier Wochen f\u00fcr die Lieferung gesetzt hat. Die Lieferfrist ist eingehalten, wenn bis zu deren Ablauf der Liefergegenstand das Lager des Auftragnehmers oder das Herstellungswerk verlassen hat bzw. die Versandbereitschaft angezeigt worden ist.<\/p>\n\n\n\n<p>3. Beim Eintritt unvorhergesehener Hindernisse, die au\u00dferhalb des Einflussbereiches des Auftragnehmers liegen, oder bei Hindernissen f\u00fcr die das Herstellerwerk verantwortlich ist, verl\u00e4ngert sich die Lieferfrist angemessen. Sind die Hindernisse w\u00e4hrend der angemessenen verl\u00e4ngerten Lieferfrist nicht zu beseitigen, ist der Auftragnehmer berechtigt ganz oder teilweise vom Vertrag zur\u00fcckzutreten. In keinem Falle steht dem Auftraggeber ein Schadenersatzanspruch wegen Nichterf\u00fcllung oder aus Verzug zu.<\/p>\n\n\n\n<h4 class=\"wp-block-heading\">IV. Versand und Gefahren\u00fcbergang<\/h4>\n\n\n\n<p>1. Mit der \u00dcbergabe an den Spediteur oder Frachtf\u00fchrer, sp\u00e4testens jedoch mit verlassen des Lagers, geht die Gefahr auf den Besteller \u00fcber. Dies gilt auch, wenn ausnahmsweise \u201efrei Bestimmungsort\u201c vereinbart sein sollte. Versandweg, Bef\u00f6rderung und Verpackung sind unser Werk, unter Ausschluss jeder Haftung, \u00fcberlassen. Versandfertig gemeldete Ware muss sofort abgerufen werden. Andernfalls, oder bei Unm\u00f6glichkeit der Versendung, sind wir berechtigt, die Ware auf Kosten und Gefahr des Bestellers nach eigenem Ermessen zu lagern und als ab Lager geliefert zu berechnen. Der Versand erfolgt stets auf Kosten und Gefahr des Kunden.<\/p>\n\n\n\n<p>2. Bei Lieferung frei Hof Verwendungsstelle hat der Auftragnehmer auf seine Kosten sicherzustellen, dass der Transport bis zur Verwendungsstelle auf dem Gel\u00e4nde auf dem Gel\u00e4nde ohne Schwierigkeiten durchf\u00fchrbar ist. Bei Schwierigkeiten hat der Auftraggeber die dem Auftragnehmer entstandenen Kosten zu verg\u00fcten. Hilfskr\u00e4fte zum Abladen und Weitertransport sind vom Auftraggeber auf seine Kosten bereitzustellen.<\/p>\n\n\n\n<h4 class=\"wp-block-heading\">V. M\u00e4ngelhaftung<\/h4>\n\n\n\n<p>1. M\u00e4ngelrechte des Kunden setzen voraus, dass dieser seinen nach \u00a7377 HGB geschuldeten Untersuchungs- und R\u00fcgeobliegenheiten ordnungsgem\u00e4\u00df nachgekommen ist. Soweit ein Mangel vorliegt, sind wir nach unserer Wahl zur Nacherf\u00fcllung in Form einer M\u00e4ngelbeseitigung oder zur Lieferung einer neuen mangelfreien Sache berechtigt. Soweit uns keine vors\u00e4tzliche Vertragsverletzung angelastet wird, ist die Schadensersatzhaftung auf den vorhersehbaren, typischerweise eintretenden Schaden begrenzt; sie erstreckt sich insbesondere nicht auf entgangenen Gewinn oder sonstige Verm\u00f6genssch\u00e4den des Kunden. Die Haftung wegen schuldhafter Verletzung des Lebens, des K\u00f6rpers oder der Gesundheit bleibt unber\u00fchrt; dies gilt auch f\u00fcr die zwingende Haftung nach dem Produkthaftungsgesetz. Die Verj\u00e4hrungspflicht f\u00fcr M\u00e4ngelanspr\u00fcche betr\u00e4gt 12 Monate, gerechnet ab Gefahren\u00fcbergang.<\/p>\n\n\n\n<h4 class=\"wp-block-heading\">VI. Zahlungsbedingungen<\/h4>\n\n\n\n<p>1. Unsere Rechnungen sind sofort nach Rechnungserhalt rein netto zahlbar. Zahlungen erbitten wir bargeldlos auf unsere Konten.<\/p>\n\n\n\n<p>2. Fracht- und Transportkosten werden gesondert berechnet.<\/p>\n\n\n\n<p>3. Bei Termin- und Abrufauftr\u00e4gen ist mindestens 1\/3 Anzahlung bei Auftragserteilung, 1\/3 bei Lieferbereitschaft und 1\/3 Schlusszahlung nach erfolgter Lieferung zu leisten.<\/p>\n\n\n\n<p>4. Schecks und Wechsel, letztere nur nach besonderer Vereinbarung, werden nur zahlungshalber und vorbehaltlich der Diskontf\u00e4higkeit entgegengenommen. Die Wertstellung erfolgt auf den Tag, an dem der Gegenwert zur Verf\u00fcgung steht. Diskotspesen, Wechselsteuern und Einzugsgeb\u00fchren sind sofort in bar f\u00e4llig.<\/p>\n\n\n\n<p>5. Bei versp\u00e4teter Zahlung werden Verzugszinsen zu dem jeweiligen bank\u00fcblichen Kreditzins berechnet.<\/p>\n\n\n\n<p>6. Bei Nichteinhaltung der Zahlungsbedingungen oder bei Umst\u00e4nden die nach Vertragsabschluss dem Auftragnehmer bekannt werden und die die Kreditw\u00fcrdigkeit des Auftraggebers nach bankm\u00e4\u00dfigen Gesichtspunkten mindern, werden s\u00e4mtliche Forderungen bei Wechselhingabe, ohne R\u00fccksicht auf die Laufzeit der entgegengenommenen Wechsel, sofort f\u00e4llig. In diesem Falle ist der Auftragnehmer berechtigt noch ausstehende Lieferungen und Leistungen nur gegen Vorauszahlung oder Sicherheitsleistung auszuf\u00fchren oder nach Ablauf einer angemessenen Nachfrist vom Vertrag zur\u00fcckzutreten.<\/p>\n\n\n\n<p>7. Bei Zahlungsverzug werden unbeschadet weitergehende Rechte, Verzugszinsen in der tats\u00e4chlich entstandenen H\u00f6he, mindestens aber mit 5 % \u00fcber dem Basiszinssatz gegen\u00fcber Verbrauchern und 9 % \u00fcber dem Basiszinssatz gegen\u00fcber allen \u00dcbrigen.<\/p>\n\n\n\n<h4 class=\"wp-block-heading\">VII. Eigentumsvorbehalt und Sicherungen<\/h4>\n\n\n\n<p>1. Der Auftragnehmer beh\u00e4lt sich das Eigentum an allen Lieferungsgegenst\u00e4nden bis zur restlosen Bezahlung s\u00e4mtlicher ihm aus der Gesch\u00e4ftsverbindung mit dem Auftraggeber zustehenden Forderungen vor. Bei laufender Rechnung dient das gesamte Vorbehaltsgut der Sicherung der Saldoforderung.<\/p>\n\n\n\n<p>2. Bei R\u00fccknahme des Lieferungsgegnstandes auf Grund des Eigentumsvorbehaltes wird dem Auftraggeber Gutschrift zum Tageswert im Zeitpunkt der R\u00fccknahme erteilt. Die dar\u00fcber hinausgehende Forderung des Auftragnehmers bleibt bestehen.<\/p>\n\n\n\n<p>3. Die in unserem Eigentum oder Miteigentum stehenden Gegenst\u00e4nde sind sicher und sachgem\u00e4\u00df aufzubewahren und gegen Diebstahl, Feuer und sonstige Sachsch\u00e4den zu versichern. \u00dcber sie darf nur im Rahmen eines ordnungsgem\u00e4\u00dfen Gesch\u00e4ftsganges verf\u00fcgt werden, insbesondere d\u00fcrfen sie nur dann ver\u00e4u\u00dfert werden, wenn unsere Forderung restlos getilgt wurde.<\/p>\n\n\n\n<p>4. Alle Forderungen und Anspr\u00fcche gegen Dritte, die sich aus Vertr\u00e4gen, Verf\u00fcgungen, Beschlagnahmungen oder sonstigen auf die unserem Eigentum oder<br>Miteigentum stehenden Gegenst\u00e4nde erstrecken, sind an uns abgetreten. Steht uns nur Miteigentum zu, ist nur der Teilbetrag der Forderung an uns abgetreten, der dem Wert des uns geh\u00f6renden Gegenstandes bzw. unseres Miteigentumsanteils im Zeitpunkt der Rechtshandlung entspricht. An uns abgetretene Geldforderungen d\u00fcrfen im Rahmen des ordnungsgem\u00e4\u00dfen Gesch\u00e4ftsganges eingezogen werden. Es darf jedoch nicht in anderer Weise \u00fcber die verf\u00fcgt werden, insbesondere durch Abtretung an Dritte.<\/p>\n\n\n\n<p>5. Bei Zahlungseinstellung, Beantragung oder Er\u00f6ffnung eines gerichtlichen, wie au\u00dfergerichtlichen Vergleichsverfahrens, Scheck oder Wechselprotesten sind wir berechtigt die Herausgabe der in unserem Eigentum oder Miteigentum befindlichen Gegenst\u00e4nde zu verlangen. Hiergegen kann ein Zur\u00fcckbehaltungsrecht nicht geltend gemacht werden. Die Erm\u00e4chtigung zur Ver\u00e4u\u00dferung der gelieferten Gegenst\u00e4nde und zur Einziehung der uns abgetretenen Geldforderungen k\u00f6nnen wir in diesem Falle unmittelbar geltend machen.<\/p>\n\n\n\n<p>6. Die Geltendmachung des Herausgabeanspruches und die Pf\u00e4ndung eines in unserem Eigentum oder Miteigentum stehenden Gegenstand durch uns, gelten nicht als R\u00fccktritt vom Vertrag.<\/p>\n\n\n\n<p>7. Alle Zugriffe Dritter auf die in unserem Eigentum oder Miteigentum stehenden Gegenst\u00e4nde oder die uns abgetretenen Forderungen und Anspr\u00fcche insbesondere von Zwangsvollstreckungsma\u00dfnahmen oder Beschlagnahmung- und alle an diesen Gegenst\u00e4nden eingetretenen Sch\u00e4den sind uns unverz\u00fcglich schriftlich mitzuteilen.<\/p>\n\n\n\n<p>8. Die f\u00fcr uns bestehenden und uns gew\u00e4hrten Sicherheiten haften f\u00fcr alle Forderungen aus der Gesch\u00e4ftsverbindung. \u00dcbersteigt der Wert der uns einger\u00e4umten Sicherheit unsere jeweilige Forderung um mehr als 25 %, geben wir auf verlangen einen entsprechenden Teil der Sicherheit nach unserer Wahl frei.<\/p>\n\n\n\n<p>9. Die Verarbeitung oder Umbildung des Liefergegenstandes durch den Kunden wird stets f\u00fcr uns vorgenommen. Bei Verarbeitung oder Vermischung der Kaufsache erwerben wir Miteigentum an der neuen Sache im Verh\u00e4ltnis des Wertes der Kaufsache zu den anderen verarbeiteten oder vermischten Gegenst\u00e4nden zur Zeit der Verarbeitung oder Vermischung. F\u00fcr die hierdurch neu entstandene Sache gilt im \u00dcbrigen das gleiche wie f\u00fcr die unter Vorbehalt gelieferten Kaufsachen.<\/p>\n\n\n\n<p>10. Der Kunde tritt uns auch die Forderungen zur Sicherung unserer Forderung gegen ihn ab, die durch die Verbindung der Kaufsache mit einem Grundst\u00fcck mit einem Dritten erwachsen.<\/p>\n\n\n\n<p>11. Bei Pf\u00e4ndungen oder sonstigen Eingriffen Dritter hat unser Kunde unverz\u00fcglich schriftlich zu benachrichtigen, damit wir Klage gem. $771 ZPO erheben k\u00f6nnen.<br>Soweit der Dritte nicht in der Lage ist, uns die gerichtlichen und au\u00dfergerichtlichen Kosten einer Klage gem. \u00a7771 ZPO zu erstatten, haftet der Kunde f\u00fcr den uns entstandenen Ausfall.<\/p>\n\n\n\n<h4 class=\"wp-block-heading\">VIII. Gerichtsstand und Erf\u00fcllungsort<\/h4>\n\n\n\n<p>F\u00fcr alle Vertr\u00e4ge mit Vollkaufleuten wird als Gerichtsstand Bad Kissingen vereinbart.<br>Erf\u00fcllungsort f\u00fcr alle Lieferungen und Leistungen ist Eltingshausen<\/p>\n\n\n\n<h4 class=\"wp-block-heading\">IX. Salvatorische Klausel<\/h4>\n\n\n\n<p>1. Der Vertrag bleibt auch bei rechtlicher Unwirksamkeit einzelner Bestimmungen in seinen \u00fcbrigen Teilen verbindlich.<\/p>\n\n\n\n<p>2. Im \u00dcbrigen gilt die Schriftform. M\u00f6gliche Nebenabreden sind unwirksam; dies gilt auch f\u00fcr den Verzicht auf die Schriftform.<\/p>\n\n\n\n<h1 class=\"wp-block-heading\">Allgemeine Gesch\u00e4ftsbedingungen f\u00fcr Serviceleistungen der Firma Werner Zeiger<\/h1>\n\n\n\n<h4 class=\"wp-block-heading\">I. Geltungsbereich<\/h4>\n\n\n\n<p>Diese Bedingungen gelten f\u00fcr die Wartung, Reparatur, Instandsetzung und Inbetriebnahme (Serviceleistungen). Sie gelten nicht f\u00fcr Leistungen, die im Rahmen einen Kauf- \/ Werkvertrags von uns erbracht werden.<br>Klarstellend: Sofern unsere Serviceleistung mit der Lieferung von Ersatzteilen verbunden ist, gelten f\u00fcr diese Ersatzteile unsere AGB f\u00fcr Lieferungen \/ Leistungen.<\/p>\n\n\n\n<h4 class=\"wp-block-heading\">II. Vertragsabschluss<\/h4>\n\n\n\n<ol class=\"wp-block-list\">\n<li>Unsere Angebote sind bis zur schriftlichen Auftragsbest\u00e4tigung freibleibend.<br>Serviceleistungen \u00fcbernehmen wir unter Vorbehalt der<\/li>\n\n\n\n<li>technischen und wirtschaftlichen Durchf\u00fchrbarkeit.<\/li>\n\n\n\n<li>Es ist Angelegenheit des Kunden, uns auf die gewerblichen Schutzrechte Dritter am Gegenstand unserer Leistungen hinzuweisen; sofern uns kein Verschulden trifft, stellt der Kunde uns von evtl. Anspr\u00fcchen Dritter aus gewerblichen Schutzrechten frei.<\/li>\n<\/ol>\n\n\n\n<h4 class=\"wp-block-heading\">III. Preise<\/h4>\n\n\n\n<ol class=\"wp-block-list\">\n<li>Serviceleistungen werden nach Leistungszeit abgerechnet, sofern nicht ausdr\u00fccklich ein Pauschalpreis vereinbart ist. Sofern Einzelpreise nicht vereinbart sind. Ma\u00dfgeblich ist die jeweils g\u00fcltige Service-Preisliste.<\/li>\n\n\n\n<li>Bei der Berechnung unserer Serviceleistungen sind die Preise f\u00fcr verwendete Teile Materialien und Sonderleistungen sowie die Preise f\u00fcr Arbeitsleistungen, die Fahrt- und Transportkosten gesondert auszuweisen. Die Umsatzsteuer wird in der jeweiligen gesetzlichen H\u00f6he zu Lasten des Kunden berechnet. Zahlungen des Kunden erfolgen ohne Skonto.<\/li>\n\n\n\n<li>Die Aufrechnung mit von uns bestrittenen oder nicht rechtskr\u00e4ftig festgestellten Gegenanspr\u00fcchen unseres Kunden ist nicht statthaft. Zur R\u00fcckbehaltung von Zahlungen ist unser Kunde nur berechtigt, wenn die Voraussetzungen des \u00a7320 Abs.1 BGB vorliegen.<\/li>\n<\/ol>\n\n\n\n<h4 class=\"wp-block-heading\">IV. Ausf\u00fchrung der Serviceleistungen<\/h4>\n\n\n\n<ol class=\"wp-block-list\">\n<li>Unser Kunde hat das Servicepersonal bei Durchf\u00fchrung der Serviceleistung auf seine Kosten zu unterst\u00fctzen, es insbesondere \u00fcber \u00f6rtlich bestehende Sicherheitsvorschriften zu unterrichten. Zur Mirwirkungspflicht des Kunden geh\u00f6rt \u2013 sofern erforderlich \u2013 die Bereitstellung von Ger\u00fcsten und Hebevorrichtungen am Serviceplatz, die Bereitstellung von Beleuchtung, Betriebskraft, Wasser einschlie\u00dflich der erforderlichen Anschl\u00fcsse, um so eine unbehinderte Durchf\u00fchrung der Arbeiten zu gew\u00e4hrleisten. Wir setzen einen ungehinderten Zugang zum Leistungsort voraus. Kommt der Kunde diesen Mitwirkungspflichten nicht nach, sind wir nach Fristsetzung berechtigt, Stand- und Wartezeiten zu berechnen, ferner gesonderte Reise- und Servicenebenkosten; wir sind berechtigt, aber nicht verpflichtet, die dem Kunden obliegenden Handlungen an dessen Stelle und auf dessen Kosten vorzunehmen. Im \u00dcbrigen bleiben unsere gesetzlichen Rechte und Anspr\u00fcche unber\u00fchrt.<br>Werden bei Wartungs- \/ Reparaturarbeiten beim Kunden oder dem von Ihm bestimmten Leistungsort ohne unser Verschulden dien von uns gestellten Werkzeuge oder Vorrichtungen besch\u00e4digt oder geraten sie in Verlust, so ist unser Kunde zum Ersatz dieser Sch\u00e4den verpflichtet; Sch\u00e4den; Sch\u00e4den die auf normale Abnutzung zur\u00fcckzuf\u00fchren sind, bleiben au\u00dfer Betracht.<\/li>\n\n\n\n<li>Im Falle nicht durchf\u00fchrbarer Wartung\/Reparatur gilt:<\/li>\n<\/ol>\n\n\n\n<ol class=\"wp-block-list\">\n<li>Der entstandene Aufwand (Fehlersuchzeit = Arbeitszeit) wird dem Kunden in Rechnung gestellt, wenn die Reparatur aus von uns nicht zu vertretenden Gr\u00fcnden nicht durchgef\u00fchrt werden kann, insbesondere weil der beanstandete Fehler bei der Durchf\u00fchrung unserer Serviceleistungen (Wartung, Inspektion, Reparatur) nicht aufgetreten ist, Ersatzteile nicht zu beschaffen sind, ohne dass wir es zu Vertreten haben, der Vertrag vom Kunden gek\u00fcndigt wurde.<\/li>\n\n\n\n<li>Der Gegenstand der Serviceleistung braucht in diesem Falle gegen Erstattung der Kosten nur auf ausdr\u00fccklichen Wunsch wieder in seinen Ausgangszustand zur\u00fcckversetzt werden.<\/li>\n\n\n\n<li>Bei nicht durchgef\u00fchrter Serviceleistung haften wir nicht f\u00fcr Sch\u00e4den am Servicegegenstand, die Verletzung etwaiger vertraglicher Nebenverpflichtungen und f\u00fcr Sch\u00e4den, die nicht am Servicegegenstand selbst entstanden sind, gleich aus welchem Rechtsgrund. Diese Haftungsbeschr\u00e4nkung gilt nicht im Falle unseres Vorsatzes, bei grober Fahll\u00e4ssigkeit oder schuldhafter Verletzung wesentlicher Vertragspflichten; in letzterem Fall haften wir (au\u00dfer in F\u00e4llen des Vorsatzes und bei grober Fahrl\u00e4ssigkeit) nur f\u00fcr den vertragstypischen, vorhersehbaren Sch\u00e4den.<\/li>\n<\/ol>\n\n\n\n<h4 class=\"wp-block-heading\">V. Abnahme<\/h4>\n\n\n\n<ol class=\"wp-block-list\">\n<li>Unser Kunde ist zur Abnahme erbrachter Serviceleistungen verpflichtet, sobald ihm deren Beendigung angezeigt wurde. Im Falle eines unwesentlichen, nicht die Funktion beeintr\u00e4chtigenden Mangels, kann die Abnahme nicht verweigert werden.<\/li>\n\n\n\n<li>Verz\u00f6gert sich die Abnahme aus kundenseitig zu vertretenden Gr\u00fcnden, gilt sie mit Zugang der Fertigstellungsanzeige als erfolgt.<\/li>\n\n\n\n<li>Mit der Abnahme entf\u00e4llt unsere Haftung f\u00fcr erkennbare M\u00e4ngel, soweit sich unser Kunde nicht die Geltendmachung eines bestimmten Mangels vorbehalten hat.<\/li>\n<\/ol>\n\n\n\n<h4 class=\"wp-block-heading\">VI. Pfandrecht<\/h4>\n\n\n\n<ol class=\"wp-block-list\">\n<li>Uns steht zur Absicherung unserer Forderungen f\u00fcr erbrachte Serviceleistungen ein Pfandrecht an dem in unseren Besitz gelangtem Gegenstand unseres Kunden, an dem wir unsere Leistungen erbracht haben, zu. Das Pfandrecht kann auch wegen Forderungen aus fr\u00fcherer T\u00e4tigkeit geltend gemacht werden, soweit sie mit dem in unseren Besitz gelangten Leistungsgegenstand im Zusammenhang stehen. F\u00fcr sonstige Anspr\u00fcche aus der Gesch\u00e4ftsverbindung besteht unser Pfandrecht nur, soweit diese unbestritten oder rechtskr\u00e4ftig festgestellt sind.<\/li>\n\n\n\n<li>F\u00fchren wir unsere Leistungen im Auftrag unseres Kunden bei einem Dritten aus, so tritt der Kunde uns bereits jetzt, unbeschadet seiner nachstehenden Rechte alle Forderungen ab, die ihm aus seinen Vereinbarungen gegen den Dritten erwachsen. Zur Einbeziehung dieser Forderung ist unser Kunde auch nach der Abtretung an uns erm\u00e4chtigt. Unsere Befugnis, die Forderung aufgrund dieser Abtretung selbst einzuziehen, bleibt hiervon unber\u00fchrt; jedoch werden wir die Forderung nicht einziehen, solange unser Kunde seinen Verpflichtungen uns gegen\u00fcber ordnungsgem\u00e4\u00df nachkommt und wir die Einziehungsbefugnis nicht bereits in der Vergangenheit widerrufen haben und solange kein Antrag auf Er\u00f6ffnung eines Insolvenzverfahrens gestellt ist. Unser Kunde ist verpflichtet, uns alle erforderlichen Angaben zur Durchf\u00fchrung des Einzugs zu machen und uns vorhandene Unterlagen auszuh\u00e4ndigen.<\/li>\n<\/ol>\n\n\n\n<h4 class=\"wp-block-heading\">VII. M\u00e4ngelanspr\u00fcche<\/h4>\n\n\n\n<ol class=\"wp-block-list\">\n<li>Nach Abnahme unserer Leistungen haften wir f\u00fcr M\u00e4ngel unter Ausschluss aller Anspr\u00fcche in der Weise, dass wir die M\u00e4ngel zu beseitigen haben. Der Kunde hat einen festgestellten Mangel unverz\u00fcglich schriftlich anzuzeigen. F\u00fcr Serviceleistungen an \u201eAlt\u201c \u2013 Bauteilen gilt: Unsere Haftung beschr\u00e4nkt sich auf die funktionelle Instandsetzung. Wir haften nicht f\u00fcr weiterwirkende, verschlei\u00dfbedingte Auswirkungen eines \u201eAlt\u201c \u2013 Bauteils auf die von uns erbrachten Serviceleistungen.<\/li>\n<\/ol>\n<\/div>\n\n\n\n<p><\/p>","protected":false},"excerpt":{"rendered":"<p>Verkaufs-, Lieferungs- und Zahlungsbedingungen I. Allgemeines 1. F\u00fcr s\u00e4mtliche Gesch\u00e4ftsvereinbarungen gelten ausschlie\u00dflich die folgenden Gesch\u00e4ftsbedingungen. Sie gehen in jedem Fall anders lautenden Bedingungen des Vertragspartners vor, auch wenn ihnen nicht ausdr\u00fccklich widersprochen wird. 2. Erteilte Auftr\u00e4ge sind f\u00fcr den Besteller verbindlich, f\u00fcr uns erst nach schriftlicher Best\u00e4tigung. Bei sofortiger Ausf\u00fchrung des Auftrages kann die Auftragsbest\u00e4tigung [&hellip;]<\/p>\n","protected":false},"author":1,"featured_media":0,"parent":0,"menu_order":0,"comment_status":"closed","ping_status":"closed","template":"","meta":{"footnotes":""},"class_list":["post-42","page","type-page","status-publish","hentry"],"_links":{"self":[{"href":"https:\/\/www.grosskuechen-zeiger.de\/en\/wp-json\/wp\/v2\/pages\/42","targetHints":{"allow":["GET"]}}],"collection":[{"href":"https:\/\/www.grosskuechen-zeiger.de\/en\/wp-json\/wp\/v2\/pages"}],"about":[{"href":"https:\/\/www.grosskuechen-zeiger.de\/en\/wp-json\/wp\/v2\/types\/page"}],"author":[{"embeddable":true,"href":"https:\/\/www.grosskuechen-zeiger.de\/en\/wp-json\/wp\/v2\/users\/1"}],"replies":[{"embeddable":true,"href":"https:\/\/www.grosskuechen-zeiger.de\/en\/wp-json\/wp\/v2\/comments?post=42"}],"version-history":[{"count":4,"href":"https:\/\/www.grosskuechen-zeiger.de\/en\/wp-json\/wp\/v2\/pages\/42\/revisions"}],"predecessor-version":[{"id":66,"href":"https:\/\/www.grosskuechen-zeiger.de\/en\/wp-json\/wp\/v2\/pages\/42\/revisions\/66"}],"wp:attachment":[{"href":"https:\/\/www.grosskuechen-zeiger.de\/en\/wp-json\/wp\/v2\/media?parent=42"}],"curies":[{"name":"wp","href":"https:\/\/api.w.org\/{rel}","templated":true}]}}